{"id":13,"date":"2024-05-09T22:02:23","date_gmt":"2024-05-09T20:02:23","guid":{"rendered":"https:\/\/meddomwrzesnia.pl\/?page_id=13"},"modified":"2024-10-14T18:26:24","modified_gmt":"2024-10-14T16:26:24","slug":"opieka-dlugoterminowa","status":"publish","type":"page","link":"https:\/\/meddomwrzesnia.pl\/?page_id=13","title":{"rendered":"Opieka d\u0142ugoterminowa"},"content":{"rendered":"\t\t<div data-elementor-type=\"wp-page\" data-elementor-id=\"13\" class=\"elementor elementor-13\" data-elementor-post-type=\"page\">\n\t\t\t\t<div class=\"elementor-element elementor-element-c437193 e-flex e-con-boxed e-con e-parent\" data-id=\"c437193\" data-element_type=\"container\" data-settings=\"{&quot;background_background&quot;:&quot;classic&quot;}\">\n\t\t\t\t\t<div class=\"e-con-inner\">\n\t\t\t\t<div class=\"elementor-element elementor-element-23bfd5e elementor-widget elementor-widget-heading\" data-id=\"23bfd5e\" data-element_type=\"widget\" data-widget_type=\"heading.default\">\n\t\t\t\t<div class=\"elementor-widget-container\">\n\t\t\t<style>\/*! elementor - v3.21.0 - 08-05-2024 *\/\n.elementor-heading-title{padding:0;margin:0;line-height:1}.elementor-widget-heading .elementor-heading-title[class*=elementor-size-]>a{color:inherit;font-size:inherit;line-height:inherit}.elementor-widget-heading .elementor-heading-title.elementor-size-small{font-size:15px}.elementor-widget-heading .elementor-heading-title.elementor-size-medium{font-size:19px}.elementor-widget-heading .elementor-heading-title.elementor-size-large{font-size:29px}.elementor-widget-heading .elementor-heading-title.elementor-size-xl{font-size:39px}.elementor-widget-heading .elementor-heading-title.elementor-size-xxl{font-size:59px}<\/style><h2 class=\"elementor-heading-title elementor-size-default\">Opieka d\u0142ugoterminowa<\/h2>\t\t<\/div>\n\t\t\t\t<\/div>\n\t\t\t\t<div class=\"elementor-element elementor-element-6f34311 elementor-widget-divider--view-line elementor-widget elementor-widget-divider\" data-id=\"6f34311\" data-element_type=\"widget\" data-widget_type=\"divider.default\">\n\t\t\t\t<div class=\"elementor-widget-container\">\n\t\t\t<style>\/*! elementor - v3.21.0 - 08-05-2024 *\/\n.elementor-widget-divider{--divider-border-style:none;--divider-border-width:1px;--divider-color:#0c0d0e;--divider-icon-size:20px;--divider-element-spacing:10px;--divider-pattern-height:24px;--divider-pattern-size:20px;--divider-pattern-url:none;--divider-pattern-repeat:repeat-x}.elementor-widget-divider .elementor-divider{display:flex}.elementor-widget-divider .elementor-divider__text{font-size:15px;line-height:1;max-width:95%}.elementor-widget-divider .elementor-divider__element{margin:0 var(--divider-element-spacing);flex-shrink:0}.elementor-widget-divider .elementor-icon{font-size:var(--divider-icon-size)}.elementor-widget-divider .elementor-divider-separator{display:flex;margin:0;direction:ltr}.elementor-widget-divider--view-line_icon .elementor-divider-separator,.elementor-widget-divider--view-line_text .elementor-divider-separator{align-items:center}.elementor-widget-divider--view-line_icon .elementor-divider-separator:after,.elementor-widget-divider--view-line_icon .elementor-divider-separator:before,.elementor-widget-divider--view-line_text .elementor-divider-separator:after,.elementor-widget-divider--view-line_text .elementor-divider-separator:before{display:block;content:\"\";border-block-end:0;flex-grow:1;border-block-start:var(--divider-border-width) var(--divider-border-style) var(--divider-color)}.elementor-widget-divider--element-align-left .elementor-divider .elementor-divider-separator>.elementor-divider__svg:first-of-type{flex-grow:0;flex-shrink:100}.elementor-widget-divider--element-align-left .elementor-divider-separator:before{content:none}.elementor-widget-divider--element-align-left .elementor-divider__element{margin-left:0}.elementor-widget-divider--element-align-right .elementor-divider .elementor-divider-separator>.elementor-divider__svg:last-of-type{flex-grow:0;flex-shrink:100}.elementor-widget-divider--element-align-right .elementor-divider-separator:after{content:none}.elementor-widget-divider--element-align-right .elementor-divider__element{margin-right:0}.elementor-widget-divider--element-align-start .elementor-divider .elementor-divider-separator>.elementor-divider__svg:first-of-type{flex-grow:0;flex-shrink:100}.elementor-widget-divider--element-align-start .elementor-divider-separator:before{content:none}.elementor-widget-divider--element-align-start .elementor-divider__element{margin-inline-start:0}.elementor-widget-divider--element-align-end .elementor-divider .elementor-divider-separator>.elementor-divider__svg:last-of-type{flex-grow:0;flex-shrink:100}.elementor-widget-divider--element-align-end .elementor-divider-separator:after{content:none}.elementor-widget-divider--element-align-end .elementor-divider__element{margin-inline-end:0}.elementor-widget-divider:not(.elementor-widget-divider--view-line_text):not(.elementor-widget-divider--view-line_icon) .elementor-divider-separator{border-block-start:var(--divider-border-width) var(--divider-border-style) var(--divider-color)}.elementor-widget-divider--separator-type-pattern{--divider-border-style:none}.elementor-widget-divider--separator-type-pattern.elementor-widget-divider--view-line .elementor-divider-separator,.elementor-widget-divider--separator-type-pattern:not(.elementor-widget-divider--view-line) .elementor-divider-separator:after,.elementor-widget-divider--separator-type-pattern:not(.elementor-widget-divider--view-line) .elementor-divider-separator:before,.elementor-widget-divider--separator-type-pattern:not([class*=elementor-widget-divider--view]) .elementor-divider-separator{width:100%;min-height:var(--divider-pattern-height);-webkit-mask-size:var(--divider-pattern-size) 100%;mask-size:var(--divider-pattern-size) 100%;-webkit-mask-repeat:var(--divider-pattern-repeat);mask-repeat:var(--divider-pattern-repeat);background-color:var(--divider-color);-webkit-mask-image:var(--divider-pattern-url);mask-image:var(--divider-pattern-url)}.elementor-widget-divider--no-spacing{--divider-pattern-size:auto}.elementor-widget-divider--bg-round{--divider-pattern-repeat:round}.rtl .elementor-widget-divider .elementor-divider__text{direction:rtl}.e-con-inner>.elementor-widget-divider,.e-con>.elementor-widget-divider{width:var(--container-widget-width,100%);--flex-grow:var(--container-widget-flex-grow)}<\/style>\t\t<div class=\"elementor-divider\">\n\t\t\t<span class=\"elementor-divider-separator\">\n\t\t\t\t\t\t<\/span>\n\t\t<\/div>\n\t\t\t\t<\/div>\n\t\t\t\t<\/div>\n\t\t\t\t\t<\/div>\n\t\t\t\t<\/div>\n\t\t<div class=\"elementor-element elementor-element-7615404 e-flex e-con-boxed e-con e-parent\" data-id=\"7615404\" data-element_type=\"container\">\n\t\t\t\t\t<div class=\"e-con-inner\">\n\t\t<div class=\"elementor-element elementor-element-910cd5b e-con-full e-flex e-con e-child\" data-id=\"910cd5b\" data-element_type=\"container\">\n\t\t\t\t<div class=\"elementor-element elementor-element-1d6081f elementor-widget elementor-widget-text-editor\" data-id=\"1d6081f\" data-element_type=\"widget\" data-widget_type=\"text-editor.default\">\n\t\t\t\t<div class=\"elementor-widget-container\">\n\t\t\t<style>\/*! elementor - v3.21.0 - 08-05-2024 *\/\n.elementor-widget-text-editor.elementor-drop-cap-view-stacked .elementor-drop-cap{background-color:#69727d;color:#fff}.elementor-widget-text-editor.elementor-drop-cap-view-framed .elementor-drop-cap{color:#69727d;border:3px solid;background-color:transparent}.elementor-widget-text-editor:not(.elementor-drop-cap-view-default) .elementor-drop-cap{margin-top:8px}.elementor-widget-text-editor:not(.elementor-drop-cap-view-default) .elementor-drop-cap-letter{width:1em;height:1em}.elementor-widget-text-editor .elementor-drop-cap{float:left;text-align:center;line-height:1;font-size:50px}.elementor-widget-text-editor .elementor-drop-cap-letter{display:inline-block}<\/style>\t\t\t\t<p>Nasz zesp\u00f3\u0142 zapewnia opiek\u0119 d\u0142ugoterminow\u0105 dla pacjent\u00f3w ob\u0142o\u017cnie i przewlekle chorych przebywaj\u0105cych w warunkach domowych, dbaj\u0105c o ich komfort fizyczny. Nasz personel zapewnia wsparcie na ka\u017cdym etapie choroby, umo\u017cliwiaj\u0105c pacjentom godne \u017cycie w warunkach domowych.<\/p>\t\t\t\t\t\t<\/div>\n\t\t\t\t<\/div>\n\t\t\t\t<\/div>\n\t\t\t\t\t<\/div>\n\t\t\t\t<\/div>\n\t\t<div class=\"elementor-element elementor-element-c5410fa e-flex e-con-boxed e-con e-parent\" data-id=\"c5410fa\" data-element_type=\"container\">\n\t\t\t\t\t<div class=\"e-con-inner\">\n\t\t<div class=\"elementor-element elementor-element-82d3f29 e-con-full e-flex e-con e-child\" data-id=\"82d3f29\" data-element_type=\"container\">\n\t\t\t\t<div class=\"elementor-element elementor-element-737cca6 elementor-widget elementor-widget-heading\" data-id=\"737cca6\" data-element_type=\"widget\" data-widget_type=\"heading.default\">\n\t\t\t\t<div class=\"elementor-widget-container\">\n\t\t\t<h2 class=\"elementor-heading-title elementor-size-default\">Kwalifikacja<\/h2>\t\t<\/div>\n\t\t\t\t<\/div>\n\t\t\t\t<div class=\"elementor-element elementor-element-f5aac20 elementor-widget-divider--view-line elementor-widget elementor-widget-divider\" data-id=\"f5aac20\" data-element_type=\"widget\" data-widget_type=\"divider.default\">\n\t\t\t\t<div class=\"elementor-widget-container\">\n\t\t\t\t\t<div class=\"elementor-divider\">\n\t\t\t<span class=\"elementor-divider-separator\">\n\t\t\t\t\t\t<\/span>\n\t\t<\/div>\n\t\t\t\t<\/div>\n\t\t\t\t<\/div>\n\t\t\t\t<div class=\"elementor-element elementor-element-8e20881 elementor-widget elementor-widget-text-editor\" data-id=\"8e20881\" data-element_type=\"widget\" data-widget_type=\"text-editor.default\">\n\t\t\t\t<div class=\"elementor-widget-container\">\n\t\t\t\t\t\t\t<p>Warunkami obj\u0119cia \u015bwiadczeniobiorcy piel\u0119gniarsk\u0105 opiek\u0105 d\u0142ugoterminow\u0105 domow\u0105 s\u0105:<\/p>\t\t\t\t\t\t<\/div>\n\t\t\t\t<\/div>\n\t\t\t\t<\/div>\n\t\t<div class=\"elementor-element elementor-element-63a5583 e-con-full e-flex e-con e-child\" data-id=\"63a5583\" data-element_type=\"container\">\n\t\t\t\t<div class=\"elementor-element elementor-element-16c59ff elementor-widget elementor-widget-text-editor\" data-id=\"16c59ff\" data-element_type=\"widget\" data-widget_type=\"text-editor.default\">\n\t\t\t\t<div class=\"elementor-widget-container\">\n\t\t\t\t\t\t\t<ul><li>otrzymanie przez pacjenta 40 punkt\u00f3w lub mniej w skali Barthel<\/li><li>nieobj\u0119cie opiek\u0105 przez hospicjum domowe;<\/li><li>nieobj\u0119cie opiek\u0105 przez inny zak\u0142ad opieku\u0144czy udzielaj\u0105cy \u015bwiadcze\u0144 gwarantowanych w warunkach stacjonarnych;<\/li><li>nieobj\u0119cie opiek\u0105 przez zesp\u00f3\u0142 d\u0142ugoterminowej opieki domowej dla doros\u0142ych, dzieci i m\u0142odzie\u017cy wentylowanych<br \/>mechanicznie;<\/li><li>niepozostawanie w ostrej fazie choroby psychicznej<\/li><\/ul>\t\t\t\t\t\t<\/div>\n\t\t\t\t<\/div>\n\t\t\t\t<\/div>\n\t\t\t\t\t<\/div>\n\t\t\t\t<\/div>\n\t\t<div class=\"elementor-element elementor-element-2f8a2e1 e-flex e-con-boxed e-con e-parent\" data-id=\"2f8a2e1\" data-element_type=\"container\">\n\t\t\t\t\t<div class=\"e-con-inner\">\n\t\t<div class=\"elementor-element elementor-element-64af506 e-con-full e-flex e-con e-child\" data-id=\"64af506\" data-element_type=\"container\">\n\t\t\t\t<div class=\"elementor-element elementor-element-93970db elementor-widget elementor-widget-heading\" data-id=\"93970db\" data-element_type=\"widget\" data-widget_type=\"heading.default\">\n\t\t\t\t<div class=\"elementor-widget-container\">\n\t\t\t<h2 class=\"elementor-heading-title elementor-size-default\">Jak otrzyma\u0107 pomoc z zakresu d\u0142ugoterminowej opieki domowej:<\/h2>\t\t<\/div>\n\t\t\t\t<\/div>\n\t\t\t\t<div class=\"elementor-element elementor-element-061b1de elementor-widget-divider--view-line elementor-widget elementor-widget-divider\" data-id=\"061b1de\" data-element_type=\"widget\" data-widget_type=\"divider.default\">\n\t\t\t\t<div class=\"elementor-widget-container\">\n\t\t\t\t\t<div class=\"elementor-divider\">\n\t\t\t<span class=\"elementor-divider-separator\">\n\t\t\t\t\t\t<\/span>\n\t\t<\/div>\n\t\t\t\t<\/div>\n\t\t\t\t<\/div>\n\t\t\t\t<div class=\"elementor-element elementor-element-722b71c elementor-widget elementor-widget-text-editor\" data-id=\"722b71c\" data-element_type=\"widget\" data-widget_type=\"text-editor.default\">\n\t\t\t\t<div class=\"elementor-widget-container\">\n\t\t\t\t\t\t\t<p>Bliscy chorego powinni uzyska\u0107 od lekarza ubezpieczenia\u00a0zdrowotnego:<\/p><ul><li>ocen\u0119 stanu pacjenta wed\u0142ug skali Barthel (mo\u017cliwo\u015b\u0107 oceny te\u017c przez\u00a0piel\u0119gniark\u0119)<\/li><li>skierowanie, do kt\u00f3rego za\u0142\u0105czona jest karta oceny pacjenta do obj\u0119cia piel\u0119gniarsk\u0105 opiek\u0105 d\u0142ugoterminow\u0105 domow\u0105 (skala\u00a0Barthel).<\/li><\/ul>\t\t\t\t\t\t<\/div>\n\t\t\t\t<\/div>\n\t\t\t\t<\/div>\n\t\t\t\t\t<\/div>\n\t\t\t\t<\/div>\n\t\t<div class=\"elementor-element elementor-element-b8b47b3 e-flex e-con-boxed e-con e-parent\" data-id=\"b8b47b3\" data-element_type=\"container\">\n\t\t\t\t\t<div class=\"e-con-inner\">\n\t\t<div class=\"elementor-element elementor-element-03f0d91 e-con-full e-flex e-con e-child\" data-id=\"03f0d91\" data-element_type=\"container\">\n\t\t\t\t<div class=\"elementor-element elementor-element-0ea3176 elementor-widget elementor-widget-image\" data-id=\"0ea3176\" data-element_type=\"widget\" data-settings=\"{&quot;motion_fx_motion_fx_mouse&quot;:&quot;yes&quot;,&quot;motion_fx_mouseTrack_effect&quot;:&quot;yes&quot;,&quot;motion_fx_mouseTrack_direction&quot;:&quot;negative&quot;,&quot;motion_fx_mouseTrack_speed&quot;:{&quot;unit&quot;:&quot;px&quot;,&quot;size&quot;:0.2,&quot;sizes&quot;:[]}}\" data-widget_type=\"image.default\">\n\t\t\t\t<div class=\"elementor-widget-container\">\n\t\t\t<style>\/*! elementor - v3.21.0 - 08-05-2024 *\/\n.elementor-widget-image{text-align:center}.elementor-widget-image a{display:inline-block}.elementor-widget-image a img[src$=\".svg\"]{width:48px}.elementor-widget-image img{vertical-align:middle;display:inline-block}<\/style>\t\t\t\t\t\t\t\t\t\t<img fetchpriority=\"high\" decoding=\"async\" width=\"800\" height=\"671\" src=\"https:\/\/meddomwrzesnia.pl\/wp-content\/uploads\/2024\/05\/Opieka-paliatywna-Wrzesnia-1024x859.png\" class=\"attachment-large size-large wp-image-74\" alt=\"\" srcset=\"https:\/\/meddomwrzesnia.pl\/wp-content\/uploads\/2024\/05\/Opieka-paliatywna-Wrzesnia-1024x859.png 1024w, https:\/\/meddomwrzesnia.pl\/wp-content\/uploads\/2024\/05\/Opieka-paliatywna-Wrzesnia-300x252.png 300w, https:\/\/meddomwrzesnia.pl\/wp-content\/uploads\/2024\/05\/Opieka-paliatywna-Wrzesnia-768x644.png 768w, https:\/\/meddomwrzesnia.pl\/wp-content\/uploads\/2024\/05\/Opieka-paliatywna-Wrzesnia-1536x1288.png 1536w, https:\/\/meddomwrzesnia.pl\/wp-content\/uploads\/2024\/05\/Opieka-paliatywna-Wrzesnia-2048x1717.png 2048w\" sizes=\"(max-width: 800px) 100vw, 800px\" \/>\t\t\t\t\t\t\t\t\t\t\t\t\t<\/div>\n\t\t\t\t<\/div>\n\t\t\t\t<\/div>\n\t\t<div class=\"elementor-element elementor-element-eae395c e-con-full e-flex e-con e-child\" data-id=\"eae395c\" data-element_type=\"container\">\n\t\t\t\t<div class=\"elementor-element elementor-element-d762186 elementor-widget elementor-widget-heading\" data-id=\"d762186\" data-element_type=\"widget\" data-widget_type=\"heading.default\">\n\t\t\t\t<div class=\"elementor-widget-container\">\n\t\t\t<h2 class=\"elementor-heading-title elementor-size-default\">Nasz zesp\u00f3\u0142<\/h2>\t\t<\/div>\n\t\t\t\t<\/div>\n\t\t\t\t<div class=\"elementor-element elementor-element-73e8b29 elementor-widget-divider--view-line elementor-widget elementor-widget-divider\" data-id=\"73e8b29\" data-element_type=\"widget\" data-widget_type=\"divider.default\">\n\t\t\t\t<div class=\"elementor-widget-container\">\n\t\t\t\t\t<div class=\"elementor-divider\">\n\t\t\t<span class=\"elementor-divider-separator\">\n\t\t\t\t\t\t<\/span>\n\t\t<\/div>\n\t\t\t\t<\/div>\n\t\t\t\t<\/div>\n\t\t\t\t<div class=\"elementor-element elementor-element-3294cf2 elementor-widget elementor-widget-text-editor\" data-id=\"3294cf2\" data-element_type=\"widget\" data-widget_type=\"text-editor.default\">\n\t\t\t\t<div class=\"elementor-widget-container\">\n\t\t\t\t\t\t\t<p>W sk\u0142ad zespo\u0142u Med-Dom wchodz\u0105 piel\u0119gniarki z wieloletnim do\u015bwiadczeniem w d\u0142ugoterminowej opiece domowej. Dzi\u0119ki ich profesjonalizmowi zapewniamy naszym Pacjentom najwy\u017cszy poziom opieki medycznej w ich domach.<\/p>\t\t\t\t\t\t<\/div>\n\t\t\t\t<\/div>\n\t\t\t\t<\/div>\n\t\t\t\t\t<\/div>\n\t\t\t\t<\/div>\n\t\t<div class=\"elementor-element elementor-element-da2e516 e-flex e-con-boxed e-con e-parent\" data-id=\"da2e516\" data-element_type=\"container\">\n\t\t\t\t\t<div class=\"e-con-inner\">\n\t\t<div class=\"elementor-element elementor-element-507059a e-con-full e-flex e-con e-child\" data-id=\"507059a\" data-element_type=\"container\">\n\t\t\t\t<div class=\"elementor-element elementor-element-4a6ddb8 elementor-widget elementor-widget-heading\" data-id=\"4a6ddb8\" data-element_type=\"widget\" data-widget_type=\"heading.default\">\n\t\t\t\t<div class=\"elementor-widget-container\">\n\t\t\t<h2 class=\"elementor-heading-title elementor-size-default\">\u015awiadczenia<\/h2>\t\t<\/div>\n\t\t\t\t<\/div>\n\t\t\t\t<div class=\"elementor-element elementor-element-faa1b7c elementor-widget-divider--view-line elementor-widget elementor-widget-divider\" data-id=\"faa1b7c\" data-element_type=\"widget\" data-widget_type=\"divider.default\">\n\t\t\t\t<div class=\"elementor-widget-container\">\n\t\t\t\t\t<div class=\"elementor-divider\">\n\t\t\t<span class=\"elementor-divider-separator\">\n\t\t\t\t\t\t<\/span>\n\t\t<\/div>\n\t\t\t\t<\/div>\n\t\t\t\t<\/div>\n\t\t\t\t<div class=\"elementor-element elementor-element-b7c46a0 elementor-widget elementor-widget-text-editor\" data-id=\"b7c46a0\" data-element_type=\"widget\" data-widget_type=\"text-editor.default\">\n\t\t\t\t<div class=\"elementor-widget-container\">\n\t\t\t\t\t\t\t<p>W ramach opieki d\u0142ugoterminowej domowej zapewniamy\u00a0 Pacjentowi nast\u0119puj\u0105ce \u015bwiadczenia<\/p>\t\t\t\t\t\t<\/div>\n\t\t\t\t<\/div>\n\t\t\t\t<\/div>\n\t\t<div class=\"elementor-element elementor-element-3fc304e e-con-full e-flex e-con e-child\" data-id=\"3fc304e\" data-element_type=\"container\">\n\t\t\t\t<div class=\"elementor-element elementor-element-839b921 elementor-widget elementor-widget-text-editor\" data-id=\"839b921\" data-element_type=\"widget\" data-widget_type=\"text-editor.default\">\n\t\t\t\t<div class=\"elementor-widget-container\">\n\t\t\t\t\t\t\t<p>\u015awiadczenia udzielane przez piel\u0119gniark\u0119 obejmuj\u0105:<\/p><ul><li>przygotowanie \u015bwiadczeniobiorcy i jego rodziny do samoopieki i samopiel\u0119gnacji, w tym kszta\u0142towanie umiej\u0119tno\u015bci<br \/>w zakresie radzenia sobie z niesprawno\u015bci\u0105;<\/li><li>\u015bwiadczenia piel\u0119gnacyjne, zgodnie z procesem piel\u0119gnowania;<\/li><li>edukacj\u0119 zdrowotn\u0105 \u015bwiadczeniobiorcy oraz cz\u0142onk\u00f3w jego rodziny;<\/li><li>pomoc w rozwi\u0105zywaniu problem\u00f3w zdrowotnych zwi\u0105zanych z samodzielnym funkcjonowaniem w \u015brodowisku domowym;<\/li><li>pomoc w pozyskiwaniu sprz\u0119tu medycznego i rehabilitacyjnego niezb\u0119dnego do w\u0142a\u015bciwej piel\u0119gnacji i rehabilitacji<br \/>\u015bwiadczeniobiorcy w domu.<\/li><\/ul>\t\t\t\t\t\t<\/div>\n\t\t\t\t<\/div>\n\t\t\t\t<\/div>\n\t\t\t\t\t<\/div>\n\t\t\t\t<\/div>\n\t\t\t\t<\/div>\n\t\t","protected":false},"excerpt":{"rendered":"<p>Opieka d\u0142ugoterminowa Nasz zesp\u00f3\u0142 zapewnia opiek\u0119 d\u0142ugoterminow\u0105 dla pacjent\u00f3w ob\u0142o\u017cnie i przewlekle chorych przebywaj\u0105cych w warunkach domowych, dbaj\u0105c o ich komfort fizyczny. Nasz personel zapewnia wsparcie na ka\u017cdym etapie choroby, umo\u017cliwiaj\u0105c pacjentom godne \u017cycie w warunkach domowych. Kwalifikacja Warunkami obj\u0119cia \u015bwiadczeniobiorcy piel\u0119gniarsk\u0105 opiek\u0105 d\u0142ugoterminow\u0105 domow\u0105 s\u0105: otrzymanie przez pacjenta 40 punkt\u00f3w lub mniej w skali [&hellip;]<\/p>\n","protected":false},"author":1,"featured_media":0,"parent":0,"menu_order":0,"comment_status":"closed","ping_status":"closed","template":"","meta":{"footnotes":""},"class_list":["post-13","page","type-page","status-publish","hentry"],"_links":{"self":[{"href":"https:\/\/meddomwrzesnia.pl\/index.php?rest_route=\/wp\/v2\/pages\/13","targetHints":{"allow":["GET"]}}],"collection":[{"href":"https:\/\/meddomwrzesnia.pl\/index.php?rest_route=\/wp\/v2\/pages"}],"about":[{"href":"https:\/\/meddomwrzesnia.pl\/index.php?rest_route=\/wp\/v2\/types\/page"}],"author":[{"embeddable":true,"href":"https:\/\/meddomwrzesnia.pl\/index.php?rest_route=\/wp\/v2\/users\/1"}],"replies":[{"embeddable":true,"href":"https:\/\/meddomwrzesnia.pl\/index.php?rest_route=%2Fwp%2Fv2%2Fcomments&post=13"}],"version-history":[{"count":10,"href":"https:\/\/meddomwrzesnia.pl\/index.php?rest_route=\/wp\/v2\/pages\/13\/revisions"}],"predecessor-version":[{"id":153,"href":"https:\/\/meddomwrzesnia.pl\/index.php?rest_route=\/wp\/v2\/pages\/13\/revisions\/153"}],"wp:attachment":[{"href":"https:\/\/meddomwrzesnia.pl\/index.php?rest_route=%2Fwp%2Fv2%2Fmedia&parent=13"}],"curies":[{"name":"wp","href":"https:\/\/api.w.org\/{rel}","templated":true}]}}