{"id":5,"date":"2024-05-09T21:57:05","date_gmt":"2024-05-09T19:57:05","guid":{"rendered":"https:\/\/meddomwrzesnia.pl\/?page_id=5"},"modified":"2024-10-14T18:04:03","modified_gmt":"2024-10-14T16:04:03","slug":"home","status":"publish","type":"page","link":"https:\/\/meddomwrzesnia.pl\/","title":{"rendered":"Med-dom | Hospicjum domowe Wrze\u015bnia"},"content":{"rendered":"\t\t<div data-elementor-type=\"wp-page\" data-elementor-id=\"5\" class=\"elementor elementor-5\" data-elementor-post-type=\"page\">\n\t\t\t\t<div class=\"elementor-element elementor-element-33782f7 e-con-full e-flex e-con e-parent\" data-id=\"33782f7\" data-element_type=\"container\" data-settings=\"{&quot;background_background&quot;:&quot;classic&quot;}\">\n\t\t<div class=\"elementor-element elementor-element-03b6b67 e-con-full e-flex e-con e-child\" data-id=\"03b6b67\" data-element_type=\"container\">\n\t\t<div class=\"elementor-element elementor-element-9d2821a e-con-full e-flex e-con e-child\" data-id=\"9d2821a\" data-element_type=\"container\">\n\t\t\t\t<div class=\"elementor-element elementor-element-e8926bb elementor-widget elementor-widget-image\" data-id=\"e8926bb\" data-element_type=\"widget\" data-widget_type=\"image.default\">\n\t\t\t\t<div class=\"elementor-widget-container\">\n\t\t\t<style>\/*! elementor - v3.21.0 - 08-05-2024 *\/\n.elementor-widget-image{text-align:center}.elementor-widget-image a{display:inline-block}.elementor-widget-image a img[src$=\".svg\"]{width:48px}.elementor-widget-image img{vertical-align:middle;display:inline-block}<\/style>\t\t\t\t\t\t\t\t\t\t<img fetchpriority=\"high\" decoding=\"async\" width=\"800\" height=\"287\" src=\"https:\/\/meddomwrzesnia.pl\/wp-content\/uploads\/2024\/05\/Med-dom-logo-full-color-1024x367.png\" class=\"attachment-large size-large wp-image-38\" alt=\"\" srcset=\"https:\/\/meddomwrzesnia.pl\/wp-content\/uploads\/2024\/05\/Med-dom-logo-full-color-1024x367.png 1024w, https:\/\/meddomwrzesnia.pl\/wp-content\/uploads\/2024\/05\/Med-dom-logo-full-color-300x108.png 300w, https:\/\/meddomwrzesnia.pl\/wp-content\/uploads\/2024\/05\/Med-dom-logo-full-color-768x275.png 768w, https:\/\/meddomwrzesnia.pl\/wp-content\/uploads\/2024\/05\/Med-dom-logo-full-color-1536x550.png 1536w, https:\/\/meddomwrzesnia.pl\/wp-content\/uploads\/2024\/05\/Med-dom-logo-full-color-2048x734.png 2048w\" sizes=\"(max-width: 800px) 100vw, 800px\" \/>\t\t\t\t\t\t\t\t\t\t\t\t\t<\/div>\n\t\t\t\t<\/div>\n\t\t\t\t<\/div>\n\t\t<div class=\"elementor-element elementor-element-195e9c0 e-con-full e-flex e-con e-child\" data-id=\"195e9c0\" data-element_type=\"container\">\n\t\t\t\t<div class=\"elementor-element elementor-element-1a3a2b7 elementor-align-right elementor-widget elementor-widget-xpro-horizontal-menu\" data-id=\"1a3a2b7\" data-element_type=\"widget\" data-settings=\"{&quot;responsive_show&quot;:&quot;tablet&quot;}\" data-widget_type=\"xpro-horizontal-menu.default\">\n\t\t\t\t<div class=\"elementor-widget-container\">\n\t\t\t<div class=\"xpro-elementor-horizontal-navbar-wrapper xpro-elementor-horizontal-menu-responsive-tablet xpro-push-right\">\n\n\t\t<button type=\"button\" class=\"xpro-elementor-horizontal-menu-close\">\n\t\t<i aria-hidden=\"true\" class=\"fas fa-times\"><\/i>\t<\/button>\n\t\n\t<div class=\"xpro-elementor-horizontal-navbar xpro-elementor-horizontal-menu-style-pushRight\"><ul id=\"menu-main-menu\" class=\"xpro-elementor-horizontal-navbar-nav\"><li itemscope=\"itemscope\" itemtype=\"https:\/\/www.schema.org\/SiteNavigationElement\" id=\"menu-item-104\" class=\"menu-item menu-item-type-post_type menu-item-object-page menu-item-104 nav-item\"><a href=\"https:\/\/meddomwrzesnia.pl\/?page_id=49\" class=\"xpro-elementor-nav-link\">Opieka paliatywna<\/a><\/li>\n<li itemscope=\"itemscope\" itemtype=\"https:\/\/www.schema.org\/SiteNavigationElement\" id=\"menu-item-45\" class=\"menu-item menu-item-type-post_type menu-item-object-page menu-item-45 nav-item\"><a href=\"https:\/\/meddomwrzesnia.pl\/?page_id=11\" class=\"xpro-elementor-nav-link\">Poradnia chirurgiczna<\/a><\/li>\n<li itemscope=\"itemscope\" itemtype=\"https:\/\/www.schema.org\/SiteNavigationElement\" id=\"menu-item-44\" class=\"menu-item menu-item-type-post_type menu-item-object-page menu-item-44 nav-item\"><a href=\"https:\/\/meddomwrzesnia.pl\/?page_id=13\" class=\"xpro-elementor-nav-link\">Opieka d\u0142ugoterminowa<\/a><\/li>\n<li itemscope=\"itemscope\" itemtype=\"https:\/\/www.schema.org\/SiteNavigationElement\" id=\"menu-item-43\" class=\"menu-item menu-item-type-post_type menu-item-object-page menu-item-43 nav-item\"><a href=\"https:\/\/meddomwrzesnia.pl\/?page_id=19\" class=\"xpro-elementor-nav-link\">O nas<\/a><\/li>\n<li itemscope=\"itemscope\" itemtype=\"https:\/\/www.schema.org\/SiteNavigationElement\" id=\"menu-item-42\" class=\"menu-item menu-item-type-post_type menu-item-object-page menu-item-42 nav-item\"><a href=\"https:\/\/meddomwrzesnia.pl\/?page_id=15\" class=\"xpro-elementor-nav-link\">Kontakt<\/a><\/li>\n<\/ul><\/div><\/div>\n\n<div class=\"xpro-elementor-horizontal-menu-overlay\"><\/div>\n\n<div class=\"xpro-elementor-horizontal-menu-toggler-wrapper\">\n\t<button type=\"button\" class=\"xpro-elementor-horizontal-menu-toggler\">\n\t\t<i aria-hidden=\"true\" class=\"fas fa-bars\"><\/i>\t<\/button>\n<\/div>\n\t\t<\/div>\n\t\t\t\t<\/div>\n\t\t\t\t<\/div>\n\t\t\t\t<\/div>\n\t\t<div class=\"elementor-element elementor-element-9a56d60 e-flex e-con-boxed e-con e-child\" data-id=\"9a56d60\" data-element_type=\"container\">\n\t\t\t\t\t<div class=\"e-con-inner\">\n\t\t\t\t<div class=\"elementor-element elementor-element-9fe3c19 elementor-widget elementor-widget-heading\" data-id=\"9fe3c19\" data-element_type=\"widget\" data-widget_type=\"heading.default\">\n\t\t\t\t<div class=\"elementor-widget-container\">\n\t\t\t<style>\/*! elementor - v3.21.0 - 08-05-2024 *\/\n.elementor-heading-title{padding:0;margin:0;line-height:1}.elementor-widget-heading .elementor-heading-title[class*=elementor-size-]>a{color:inherit;font-size:inherit;line-height:inherit}.elementor-widget-heading .elementor-heading-title.elementor-size-small{font-size:15px}.elementor-widget-heading .elementor-heading-title.elementor-size-medium{font-size:19px}.elementor-widget-heading .elementor-heading-title.elementor-size-large{font-size:29px}.elementor-widget-heading .elementor-heading-title.elementor-size-xl{font-size:39px}.elementor-widget-heading .elementor-heading-title.elementor-size-xxl{font-size:59px}<\/style><h2 class=\"elementor-heading-title elementor-size-default\">Hospicjum domowe <br>we Wrze\u015bni<\/h2>\t\t<\/div>\n\t\t\t\t<\/div>\n\t\t<div class=\"elementor-element elementor-element-42b0544 e-con-full e-flex e-con e-child\" data-id=\"42b0544\" data-element_type=\"container\">\n\t\t\t\t<div class=\"elementor-element elementor-element-00b1aa3 elementor-widget elementor-widget-text-editor\" data-id=\"00b1aa3\" data-element_type=\"widget\" data-widget_type=\"text-editor.default\">\n\t\t\t\t<div class=\"elementor-widget-container\">\n\t\t\t<style>\/*! elementor - v3.21.0 - 08-05-2024 *\/\n.elementor-widget-text-editor.elementor-drop-cap-view-stacked .elementor-drop-cap{background-color:#69727d;color:#fff}.elementor-widget-text-editor.elementor-drop-cap-view-framed .elementor-drop-cap{color:#69727d;border:3px solid;background-color:transparent}.elementor-widget-text-editor:not(.elementor-drop-cap-view-default) .elementor-drop-cap{margin-top:8px}.elementor-widget-text-editor:not(.elementor-drop-cap-view-default) .elementor-drop-cap-letter{width:1em;height:1em}.elementor-widget-text-editor .elementor-drop-cap{float:left;text-align:center;line-height:1;font-size:50px}.elementor-widget-text-editor .elementor-drop-cap-letter{display:inline-block}<\/style>\t\t\t\t<p>Z pasj\u0105 i zaanga\u017cowaniem s\u0142u\u017cymy naszym pacjentom, \u015bwiadcz\u0105c wysokiej jako\u015bci opiek\u0119 medyczn\u0105 w trzech kluczowych obszarach: opiece hospicyjnej i d\u0142ugoterminowej domowej oraz chirurgii og\u00f3lnej. Nasz\u0105 misj\u0105 jest wspieranie os\u00f3b chorych, zar\u00f3wno w ich trudnych chwilach, jak i w procesie leczenia.<\/p>\t\t\t\t\t\t<\/div>\n\t\t\t\t<\/div>\n\t\t\t\t<\/div>\n\t\t\t\t\t<\/div>\n\t\t\t\t<\/div>\n\t\t\t\t<\/div>\n\t\t<div class=\"elementor-element elementor-element-27ec0a1 e-flex e-con-boxed e-con e-parent\" data-id=\"27ec0a1\" data-element_type=\"container\">\n\t\t\t\t\t<div class=\"e-con-inner\">\n\t\t<div class=\"elementor-element elementor-element-7f9eb87 e-con-full e-flex e-con e-child\" data-id=\"7f9eb87\" data-element_type=\"container\">\n\t\t\t\t<div class=\"elementor-element elementor-element-99a8e70 elementor-widget elementor-widget-image\" data-id=\"99a8e70\" data-element_type=\"widget\" data-settings=\"{&quot;motion_fx_motion_fx_mouse&quot;:&quot;yes&quot;,&quot;motion_fx_mouseTrack_effect&quot;:&quot;yes&quot;,&quot;motion_fx_mouseTrack_direction&quot;:&quot;negative&quot;,&quot;motion_fx_mouseTrack_speed&quot;:{&quot;unit&quot;:&quot;px&quot;,&quot;size&quot;:0.2,&quot;sizes&quot;:[]}}\" data-widget_type=\"image.default\">\n\t\t\t\t<div class=\"elementor-widget-container\">\n\t\t\t\t\t\t\t\t\t\t\t\t\t<img decoding=\"async\" width=\"800\" height=\"671\" src=\"https:\/\/meddomwrzesnia.pl\/wp-content\/uploads\/2024\/05\/Poradnia-chirurgiczna-wrzesnia-1024x859.png\" class=\"attachment-large size-large wp-image-64\" alt=\"\" srcset=\"https:\/\/meddomwrzesnia.pl\/wp-content\/uploads\/2024\/05\/Poradnia-chirurgiczna-wrzesnia-1024x859.png 1024w, https:\/\/meddomwrzesnia.pl\/wp-content\/uploads\/2024\/05\/Poradnia-chirurgiczna-wrzesnia-300x252.png 300w, https:\/\/meddomwrzesnia.pl\/wp-content\/uploads\/2024\/05\/Poradnia-chirurgiczna-wrzesnia-768x644.png 768w, https:\/\/meddomwrzesnia.pl\/wp-content\/uploads\/2024\/05\/Poradnia-chirurgiczna-wrzesnia-1536x1288.png 1536w, https:\/\/meddomwrzesnia.pl\/wp-content\/uploads\/2024\/05\/Poradnia-chirurgiczna-wrzesnia-2048x1717.png 2048w\" sizes=\"(max-width: 800px) 100vw, 800px\" \/>\t\t\t\t\t\t\t\t\t\t\t\t\t<\/div>\n\t\t\t\t<\/div>\n\t\t\t\t<\/div>\n\t\t<div class=\"elementor-element elementor-element-9eb6978 e-con-full e-flex e-con e-child\" data-id=\"9eb6978\" data-element_type=\"container\">\n\t\t\t\t<div class=\"elementor-element elementor-element-51f7a80 elementor-widget elementor-widget-heading\" data-id=\"51f7a80\" data-element_type=\"widget\" data-widget_type=\"heading.default\">\n\t\t\t\t<div class=\"elementor-widget-container\">\n\t\t\t<h2 class=\"elementor-heading-title elementor-size-default\">O nas<\/h2>\t\t<\/div>\n\t\t\t\t<\/div>\n\t\t\t\t<div class=\"elementor-element elementor-element-72c2916 elementor-widget elementor-widget-text-editor\" data-id=\"72c2916\" data-element_type=\"widget\" data-widget_type=\"text-editor.default\">\n\t\t\t\t<div class=\"elementor-widget-container\">\n\t\t\t\t\t\t\t<p>Med-Dom to zesp\u00f3\u0142 do\u015bwiadczonych profesjonalist\u00f3w, cechuj\u0105cych si\u0119 pasj\u0105 do pomagania innym. Nasz personel medyczny posiada bogate do\u015bwiadczenie zar\u00f3wno w opiece paliatywnej, jak i d\u0142ugoterminowej a ka\u017cdy cz\u0142onek naszego zespo\u0142u przyczynia si\u0119 do tworzenia przyjaznej i wspieraj\u0105cej atmosfery dla naszych pacjent\u00f3w i ich rodzin.<\/p>\t\t\t\t\t\t<\/div>\n\t\t\t\t<\/div>\n\t\t\t\t<\/div>\n\t\t\t\t\t<\/div>\n\t\t\t\t<\/div>\n\t\t<div class=\"elementor-element elementor-element-2663de9 e-flex e-con-boxed e-con e-parent\" data-id=\"2663de9\" data-element_type=\"container\">\n\t\t\t\t\t<div class=\"e-con-inner\">\n\t\t\t\t<div class=\"elementor-element elementor-element-fd61b0d elementor-widget elementor-widget-heading\" data-id=\"fd61b0d\" data-element_type=\"widget\" data-widget_type=\"heading.default\">\n\t\t\t\t<div class=\"elementor-widget-container\">\n\t\t\t<h2 class=\"elementor-heading-title elementor-size-default\">Poradnia chirurgiczna<\/h2>\t\t<\/div>\n\t\t\t\t<\/div>\n\t\t\t\t<div class=\"elementor-element elementor-element-f882628 elementor-widget elementor-widget-text-editor\" data-id=\"f882628\" data-element_type=\"widget\" data-widget_type=\"text-editor.default\">\n\t\t\t\t<div class=\"elementor-widget-container\">\n\t\t\t\t\t\t\t<p>Nasza poradnia chirurgiczna w Mi\u0142os\u0142awiu oferuje szeroki zakres us\u0142ug w zakresie chirurgii og\u00f3lnej, zapewniaj\u0105c kompleksow\u0105 opiek\u0119 dla pacjent\u00f3w z r\u00f3\u017cnorodnymi schorzeniami. Specjalista chirurgii og\u00f3lnej lek. med. Piotr Ko\u0144czal dzi\u0119ki swojemu wieloletniemu do\u015bwiadczeniu gwarantuje profesjonaln\u0105 opiek\u0119, wykorzystuj\u0105c najnowocze\u015bniejsze metody leczenia, dopasowane do potrzeb pacjent\u00f3w.<\/p>\t\t\t\t\t\t<\/div>\n\t\t\t\t<\/div>\n\t\t\t\t<div class=\"elementor-element elementor-element-d6942c9 elementor-align-left elementor-widget elementor-widget-button\" data-id=\"d6942c9\" data-element_type=\"widget\" data-widget_type=\"button.default\">\n\t\t\t\t<div class=\"elementor-widget-container\">\n\t\t\t\t\t<div class=\"elementor-button-wrapper\">\n\t\t\t<a class=\"elementor-button elementor-button-link elementor-size-sm elementor-animation-shrink\" href=\"https:\/\/meddomwrzesnia.pl\/?page_id=11\">\n\t\t\t\t\t\t<span class=\"elementor-button-content-wrapper\">\n\t\t\t\t\t\t\t\t\t<span class=\"elementor-button-text\">Um\u00f3w wizyt\u0119 w poradni<\/span>\n\t\t\t\t\t<\/span>\n\t\t\t\t\t<\/a>\n\t\t<\/div>\n\t\t\t\t<\/div>\n\t\t\t\t<\/div>\n\t\t\t\t\t<\/div>\n\t\t\t\t<\/div>\n\t\t\t\t<\/div>\n\t\t","protected":false},"excerpt":{"rendered":"<p>Opieka paliatywna Poradnia chirurgiczna Opieka d\u0142ugoterminowa O nas Kontakt Hospicjum domowe we Wrze\u015bni Z pasj\u0105 i zaanga\u017cowaniem s\u0142u\u017cymy naszym pacjentom, \u015bwiadcz\u0105c wysokiej jako\u015bci opiek\u0119 medyczn\u0105 w trzech kluczowych obszarach: opiece hospicyjnej i d\u0142ugoterminowej domowej oraz chirurgii og\u00f3lnej. Nasz\u0105 misj\u0105 jest wspieranie os\u00f3b chorych, zar\u00f3wno w ich trudnych chwilach, jak i w procesie leczenia. O nas [&hellip;]<\/p>\n","protected":false},"author":1,"featured_media":0,"parent":0,"menu_order":0,"comment_status":"closed","ping_status":"closed","template":"","meta":{"footnotes":""},"class_list":["post-5","page","type-page","status-publish","hentry"],"_links":{"self":[{"href":"https:\/\/meddomwrzesnia.pl\/index.php?rest_route=\/wp\/v2\/pages\/5","targetHints":{"allow":["GET"]}}],"collection":[{"href":"https:\/\/meddomwrzesnia.pl\/index.php?rest_route=\/wp\/v2\/pages"}],"about":[{"href":"https:\/\/meddomwrzesnia.pl\/index.php?rest_route=\/wp\/v2\/types\/page"}],"author":[{"embeddable":true,"href":"https:\/\/meddomwrzesnia.pl\/index.php?rest_route=\/wp\/v2\/users\/1"}],"replies":[{"embeddable":true,"href":"https:\/\/meddomwrzesnia.pl\/index.php?rest_route=%2Fwp%2Fv2%2Fcomments&post=5"}],"version-history":[{"count":25,"href":"https:\/\/meddomwrzesnia.pl\/index.php?rest_route=\/wp\/v2\/pages\/5\/revisions"}],"predecessor-version":[{"id":136,"href":"https:\/\/meddomwrzesnia.pl\/index.php?rest_route=\/wp\/v2\/pages\/5\/revisions\/136"}],"wp:attachment":[{"href":"https:\/\/meddomwrzesnia.pl\/index.php?rest_route=%2Fwp%2Fv2%2Fmedia&parent=5"}],"curies":[{"name":"wp","href":"https:\/\/api.w.org\/{rel}","templated":true}]}}